{"id":3,"date":"2025-03-11T10:36:54","date_gmt":"2025-03-11T10:36:54","guid":{"rendered":"https:\/\/staging.wakustone.de\/?page_id=3"},"modified":"2025-04-27T20:24:02","modified_gmt":"2025-04-27T20:24:02","slug":"privacy-policy","status":"publish","type":"page","link":"https:\/\/wakustone.de\/index.php\/privacy-policy\/","title":{"rendered":"DATENSCHUTZ"},"content":{"rendered":"<div class=\"wpb-content-wrapper\"><p>[vc_section][vc_row][vc_column][vc_column_text]<\/p>\n<h1 class=\"wp-block-heading has-text-align-center\">Datenschutzerkl\u00e4rung<\/h1>\n<p>Soweit nachstehend keine anderen Angaben gemacht werden, ist die Bereitstellung Ihrer personenbezogenen Daten weder gesetzlich oder vertraglich vorgeschrieben, noch f\u00fcr einen Vertragsabschluss erforderlich. Sie sind zur Bereitstellung der Daten nicht verpflichtet. Eine Nichtbereitstellung hat keine Folgen. Dies gilt nur soweit bei den nachfolgenden Verarbeitungsvorg\u00e4ngen keine anderweitige Angabe gemacht wird.\u201cPersonenbezogene Daten\u201d sind alle Informationen, die sich auf eine identifizierte oder identifizierbare nat\u00fcrliche Person beziehen.<\/p>\n<h2 class=\"wp-block-heading\">Server-Logfiles<\/h2>\n<p>Sie k\u00f6nnen unsere Webseiten besuchen, ohne Angaben zu Ihrer Person zu machen. Es werden bei jedem Zugriff auf unsere Website Nutzungsdaten durch Ihren Internetbrowser \u00fcbermittelt und in Protokolldaten (Server-Logfiles) gespeichert. Zu diesen gespeicherten Daten geh\u00f6ren z.B. Name der aufgerufenen Seite, Datum und Uhrzeit des Abrufs, \u00fcbertragene Datenmenge und der anfragende Provider. Diese Daten dienen ausschlie\u00dflich der Gew\u00e4hrleistung eines st\u00f6rungsfreien Betriebs unserer Website und zur Verbesserung unseres Angebotes. Eine Zuordnung dieser Daten zu einer bestimmten Person ist nicht m\u00f6glich.<\/p>\n<h2 class=\"wp-block-heading\">Erhebung und Verarbeitung bei Nutzung des Kontaktformulars<\/h2>\n<p>Bei der Nutzung des Kontaktformulars erheben wir Ihre personenbezogenen Daten (Name, E-Mail-Adresse, Nachrichtentext) nur in dem von Ihnen zur Verf\u00fcgung gestellten Umfang. Die Datenverarbeitung dient dem Zweck der Kontaktaufnahme. Mit Absenden Ihrer Nachricht willigen Sie in die Verarbeitung der \u00fcbermittelten Daten ein. Die Verarbeitung erfolgt auf Grundlage des Art. 6 (1) lit. a DSGVO mit Ihrer Einwilligung. Sie k\u00f6nnen Ihre Einwilligung jederzeit durch Mitteilung an uns widerrufen, ohne dass die Rechtm\u00e4\u00dfigkeit der aufgrund der Einwilligung bis zum Widerruf erfolgten Verarbeitung ber\u00fchrt wird. Ihre Mail-Adresse nutzen wir nur zur Bearbeitung Ihrer Anfrage. Ihre Daten werden anschlie\u00dfend gel\u00f6scht, sofern Sie der weitergehenden Verarbeitung und Nutzung nicht zugestimmt haben.<\/p>\n<h2 class=\"wp-block-heading\">Verwendung von Google reCAPTCHA<\/h2>\n<p>Wir verwenden auf unserer Website den Dienst reCAPTCHA der Google Inc. (1600 Amphitheatre Parkway, Mountain View, CA 94043, USA; \u201eGoogle\u201c). Die Abfrage dient dem Zweck der Unterscheidung, ob die Eingabe durch einen Menschen oder durch automatisierte, maschinelle Verarbeitung erfolgt. Die Abfrage schlie\u00dft den Versand der IP-Adresse und ggf. weiterer von Google f\u00fcr den Dienst reCAPTCHA ben\u00f6tigter Daten an Google ein. Zu diesem Zweck wird Ihre Eingabe an Google \u00fcbermittelt und dort weiterverwendet. Ihre IP-Adresse wird von Google jedoch innerhalb von Mitgliedstaaten der Europ\u00e4ischen Union oder in anderen Vertragsstaaten des Abkommens \u00fcber den Europ\u00e4ischen Wirtschaftsraum zuvor gek\u00fcrzt. Nur in Ausnahmef\u00e4llen wird die volle IP-Adresse an einen Server von Google in den USA \u00fcbertragen und dort gek\u00fcrzt. Im Auftrag des Betreibers dieser Website wird Google diese Informationen benutzen, um Ihre Nutzung dieses Dienstes auszuwerten. Die im Rahmen von reCaptcha von Ihrem Browser \u00fcbermittelte IP-Adresse wird nicht mit anderen Daten von Google zusammengef\u00fchrt. Ihre Daten werden dabei gegebenenfalls auch in die USA \u00fcbermittelt. F\u00fcr Daten\u00fcbermittlungen in die USA ist ein Angemessenheitsbeschluss der Europ\u00e4ischen Kommission, das \u201cPrivacy Shield\u201d, vorhanden. Google nimmt am \u201cPrivacy Shield\u201d teil und hat sich den Vorgaben unterworfen. Mit Bet\u00e4tigen der Abfrage willigen Sie in die Verarbeitung Ihrer Daten ein. Die Verarbeitung erfolgt auf Grundlage des Art. 6 (1) lit. a DSGVO mit Ihrer Einwilligung. Sie k\u00f6nnen Ihre Einwilligung jederzeit widerrufen, ohne dass die Rechtm\u00e4\u00dfigkeit der aufgrund der Einwilligung bis zum Widerruf erfolgten Verarbeitung ber\u00fchrt wird.<br \/>N\u00e4here Informationen zu Google reCAPTCHA sowie die dazugeh\u00f6rige Datenschutzerkl\u00e4rung finden Sie unter: <a href=\"https:\/\/www.google.com\/privacy\/ads\/\">https:\/\/www.google.com\/privacy\/ads\/<\/a><\/p>\n<h2 class=\"wp-block-heading\">Erhebung, Verarbeitung und Nutzung personenbezogener Daten bei Bestellungen<\/h2>\n<p>Bei der Bestellung erheben und verwenden wir Ihre personenbezogenen Daten nur, soweit dies zur Erf\u00fcllung und Abwicklung Ihrer Bestellung sowie zur Bearbeitung Ihrer Anfragen erforderlich ist. Die Bereitstellung der Daten ist f\u00fcr den Vertragsschluss erforderlich. Eine Nichtbereitstellung hat zur Folge, dass kein Vertrag geschlossen werden kann. Die Verarbeitung erfolgt auf Grundlage des Art. 6 (1) lit. b DSGVO und ist f\u00fcr die Erf\u00fcllung eines Vertrags mit Ihnen erforderlich. Eine Weitergabe Ihrer Daten an Dritte ohne Ihre ausdr\u00fcckliche Einwilligung erfolgt nicht. Ausgenommen hiervon sind lediglich unsere Dienstleistungspartner, die wir zur Abwicklung des Vertragsverh\u00e4ltnisses ben\u00f6tigen oder Dienstleister, derer wir uns im Rahmen einer Auftragsverarbeitung bedienen. Neben den in den jeweiligen Klauseln dieser Datenschutzerkl\u00e4rung benannten Empf\u00e4ngern sind dies beispielsweise Empf\u00e4nger folgender Kategorien: Versanddienstleister, Zahlungsdienstleister, Warenwirtschaftsdienstleister, Diensteanbieter f\u00fcr die Bestellabwicklung, Webhoster, IT-Dienstleister und Dropshipping H\u00e4ndler. In allen F\u00e4llen beachten wir strikt die gesetzlichen Vorgaben. Der Umfang der Daten\u00fcbermittlung beschr\u00e4nkt sich auf ein Mindestma\u00df.<\/p>\n<h2 class=\"wp-block-heading\">Verwendung der E-Mail-Adresse f\u00fcr die Zusendung von Newslettern<\/h2>\n<p>Wir nutzen Ihre Mail-Adresse unabh\u00e4ngig von der Vertragsabwicklung ausschlie\u00dflich f\u00fcr eigene Werbezwecke zum Versand eines Newsletter, sofern Sie dem ausdr\u00fccklich zugestimmt haben. Die Verarbeitung erfolgt auf Grundlage des Art. 6 (1) lit. a DSGVO mit Ihrer Einwilligung. Sie k\u00f6nnen die Einwilligung jederzeit widerrufen, ohne dass die Rechtm\u00e4\u00dfigkeit der aufgrund der Einwilligung bis zum Widerruf erfolgten Verarbeitung ber\u00fchrt wird. Sie k\u00f6nnen dazu den Newsletter jederzeit unter Nutzung des entsprechenden Links im Newsletter oder durch Mitteilung an uns abbestellen. Ihre Mail-Adresse wird danach aus dem Verteiler entfernt. Ihre Daten werden dabei an einen Dienstleister f\u00fcr Mail-Marketing im Rahmen einer Auftragsverarbeitung weitergegeben. Eine Weitergabe an sonstige Dritte erfolgt nicht.<\/p>\n<h2 class=\"wp-block-heading\">Cookies<\/h2>\n<p>Unsere Website verwendet Cookies. Cookies sind kleine Textdateien, die im Internetbrowser bzw. vom Internetbrowser auf dem Computersystem eines Nutzers gespeichert werden. Ruft ein Nutzer eine Website auf, so kann ein Cookie auf dem Betriebssystem des Nutzers gespeichert werden. Dieser Cookie enth\u00e4lt eine charakteristische Zeichenfolge, die eine eindeutige Identifizierung des Browsers beim erneuten Aufrufen der Website erm\u00f6glicht. Wir setzen Cookies zu dem Zweck ein, unser Angebot nutzerfreundlicher, effektiver und sicherer zu machen. Des Weiteren erm\u00f6glichen Cookies unseren Systemen, Ihren Browser auch nach einem Seitenwechsel zu erkennen und Ihnen Services anzubieten. Einige Funktionen unserer Internetseite k\u00f6nnen ohne den Einsatz von Cookies nicht angeboten werden. F\u00fcr diese ist es erforderlich, dass der Browser auch nach einem Seitenwechsel wiedererkannt wird.<\/p>\n<p>Wir verwenden auf unserer Website dar\u00fcber hinaus Cookies zu dem Zweck, eine Analyse des Surfverhaltens unserer Seitenbesucher zu erm\u00f6glichen. Die Verarbeitung erfolgt auf Grundlage des \u00a7 15 (3) TMG sowie Art. 6 (1) lit. f DSGVO aus dem berechtigten Interesse an den oben genannten Zwecken. Die auf diese Weise von Ihnen erhobenen Daten werden durch technische Vorkehrungen pseudonymisiert. Eine Zuordnung der Daten zu Ihrer Person ist daher nicht mehr m\u00f6glich. Die Daten werden nicht gemeinsam mit sonstigen personenbezogenen Daten von Ihnen gespeichert. Sie haben das Recht aus Gr\u00fcnden, die sich aus Ihrer besonderen Situation ergeben, jederzeit dieser auf Art. 6 (1) f DSGVO beruhenden Verarbeitung Sie betreffender personenbezogener Daten zu widersprechen.<\/p>\n<p>Cookies werden auf Ihrem Rechner gespeichert. Daher haben Sie die volle Kontrolle \u00fcber die Verwendung von Cookies. Durch die Auswahl entsprechender technischer Einstellungen in Ihrem Internetbrowser k\u00f6nnen Sie die Speicherung der Cookies und \u00dcbermittlung der enthaltenen Daten verhindern. Bereits gespeicherte Cookies k\u00f6nnen jederzeit gel\u00f6scht werden. Wir weisen Sie jedoch darauf hin, dass Sie dann gegebenenfalls nicht s\u00e4mtliche Funktionen dieser Website vollumf\u00e4nglich werden nutzen k\u00f6nnen. Unter den nachstehenden Links k\u00f6nnen Sie sich informieren, wie Sie die Cookies bei den wichtigsten Browsern verwalten (u.a. auch deaktivieren) k\u00f6nnen:<br \/>Chrome Browser: <a href=\"https:\/\/support.google.com\/accounts\/answer\/61416?hl=de\">https:\/\/support.google.com\/accounts\/answer\/61416?hl=de<\/a><br \/>Internet Explorer: <a href=\"https:\/\/support.microsoft.com\/de-de\/help\/17442\/windows-internet-explorer-delete-manage-cookies\">https:\/\/support.microsoft.com\/de-de\/help\/17442\/windows-internet-explorer-delete-manage-cookies<\/a><br \/>Mozilla Firefox: <a href=\"https:\/\/support.mozilla.org\/de\/kb\/cookies-erlauben-und-ablehnen\">https:\/\/support.mozilla.org\/de\/kb\/cookies-erlauben-und-ablehnen<\/a><br \/>Safari: <a href=\"https:\/\/support.apple.com\/de-de\/guide\/safari\/manage-cookies-and-website-data-sfri11471\/mac\">https:\/\/support.apple.com\/de-de\/guide\/safari\/manage-cookies-and-website-data-sfri11471\/mac<\/a><\/p>\n<h2 class=\"wp-block-heading\">Nutzung von Google Analytics<\/h2>\n<p>Wir verwenden auf unserer Website den Webanalysedienst Google Analytics der Google Inc. (1600 Amphitheatre Parkway, Mountain View, CA 94043, USA; \u201eGoogle\u201c). Die Datenverarbeitung dient dem Zweck der Analyse dieser Website und ihrer Besucher. Dazu wird Google im Auftrag des Betreibers dieser Website die gewonnenen Informationen benutzen, um Ihre Nutzung der Website auszuwerten, um Reports \u00fcber die Websiteaktivit\u00e4ten zusammenzustellen und um weitere, mit der Websitenutzung und der Internetnutzung verbundene Dienstleistungen gegen\u00fcber dem Websitebetreiber zu erbringen. Die im Rahmen von Google Analytics von Ihrem Browser \u00fcbermittelte IP-Adresse wird nicht mit anderen Daten von Google zusammengef\u00fchrt.<\/p>\n<p>Google Analytics verwendet Cookies, die eine Analyse der Benutzung der Website durch Sie erm\u00f6glichen. Die durch die Cookies erzeugten Informationen \u00fcber Ihre Benutzung dieser Website werden in der Regel an einen Server von Google in den USA \u00fcbertragen und dort gespeichert. Auf dieser Website ist die IP-Anonymisierung aktiviert. Dadurch wird Ihre IP-Adresse von Google innerhalb von Mitgliedstaaten der Europ\u00e4ischen Union oder in anderen Vertragsstaaten des Abkommens \u00fcber den Europ\u00e4ischen Wirtschaftsraum zuvor gek\u00fcrzt. Nur in Ausnahmef\u00e4llen wird die volle IP-Adresse an einen Server von Google in den USA \u00fcbertragen und dort gek\u00fcrzt. Ihre Daten werden gegebenenfalls in die USA \u00fcbermittelt. F\u00fcr Daten\u00fcbermittlungen in die USA ist ein Angemessenheitsbeschluss der Europ\u00e4ischen Kommission vorhanden. Die Verarbeitung erfolgt auf Grundlage des Art. 6 (1) lit. f DSGVO aus dem berechtigten Interesse an der bedarfsgerechten und zielgerichteten Gestaltung der Website. Sie haben das Recht aus Gr\u00fcnden, die sich aus Ihrer besonderen Situation ergeben, jederzeit dieser auf Art. 6 (1) f DSGVO beruhenden Verarbeitung Sie betreffender personenbezogener Daten zu widersprechen.<\/p>\n<p>Sie k\u00f6nnen dazu die Speicherung der Cookies durch die Auswahl entsprechender technischer Einstellungen Ihrer Browser-Software verhindern; wir weisen Sie jedoch darauf hin, dass Sie in diesem Fall gegebenenfalls nicht s\u00e4mtliche Funktionen dieser Website vollumf\u00e4nglich werden nutzen k\u00f6nnen. Sie k\u00f6nnen des Weiteren die Erfassung der durch das Cookie erzeugten und auf Ihre Nutzung der Website bezogenen Daten (inkl. Ihrer IP-Adresse) an Google sowie die Verarbeitung dieser Daten durch Google verhindern, indem sie das unter dem folgenden Link verf\u00fcgbare Browser-Plug-in herunterladen und installieren [<a href=\"https:\/\/tools.google.com\/dlpage\/gaoptout?hl=de\">https:\/\/tools.google.com\/dlpage\/gaoptout?hl=de<\/a>]. Um die Erfassung durch Google Analytics ger\u00e4te\u00fcbergreifend zu verhindern k\u00f6nnen Sie einen Opt-Out-Cookie setzen. Opt-Out-Cookies verhindern die zuk\u00fcnftige Erfassung Ihrer Daten beim Besuch dieser Website. Sie m\u00fcssen das Opt-Out auf allen genutzten Systemen und Ger\u00e4ten durchf\u00fchren, damit dies umfassend wirkt. Wenn Sie hier klicken, wird das Opt-Out-Cookie gesetzt: Google Analytics deaktivieren. N\u00e4here Informationen zu Nutzungsbedingungen und Datenschutz finden Sie unter <a href=\"https:\/\/www.google.com\/analytics\/terms\/de.html\">https:\/\/www.google.com\/analytics\/terms\/de.html<\/a> bzw. unter<a href=\"https:\/\/www.google.de\/intl\/de\/policies\/\"> https:\/\/www.google.de\/intl\/de\/policies\/<\/a>.<\/p>\n<h2 class=\"wp-block-heading\">Verwendung von Scriptbibliotheken (Google Webfonts)<\/h2>\n<p>Um unsere Inhalte browser\u00fcbergreifend korrekt und grafisch ansprechend darzustellen, verwenden wir auf dieser Website \u201eGoogle Web Fonts\u201c der Google LLC (1600 Amphitheatre Parkway, Mountain View, CA 94043, USA; nachfolgend \u201eGoogle\u201c) zur Darstellung von Schriften.<\/p>\n<p>Weitere Informationen zu Google Web Fonts finden Sie unter https:\/\/developers.google.com\/fonts\/faq und in der Datenschutzerkl\u00e4rung von Google: https:\/\/www.google.com\/policies\/privacy\/.<\/p>\n<h2 class=\"wp-block-heading\">Verwendung von Google Maps<\/h2>\n<p>Auf dieser Website nutzen wir das Angebot von Google Maps. Google Maps wird von Google LLC, 1600 Amphitheatre Parkway, Mountain View, CA 94043, USA (nachfolgend \u201eGoogle\u201c) betrieben. Dadurch k\u00f6nnen wir Ihnen interaktive Karten direkt in der Webseite anzeigen und erm\u00f6glichen Ihnen die komfortable Nutzung der Karten-Funktion.<br \/>N\u00e4here Informationen \u00fcber die Datenverarbeitung durch Google k\u00f6nnen Sie den Google-Datenschutzhinweisen entnehmen: https:\/\/policies.google.com\/privacy. Dort k\u00f6nnen Sie im Datenschutzcenter auch Ihre pers\u00f6nlichen Datenschutz-Einstellungen ver\u00e4ndern.<\/p>\n<p>Ausf\u00fchrliche Anleitungen zur Verwaltung der eigenen Daten im Zusammenhang mit Google-Produkten finden Sie hier: https:\/\/www.dataliberation.org<\/p>\n<p>Durch den Besuch der Website erh\u00e4lt Google Informationen, dass Sie die entsprechende Unterseite unserer Webseite aufgerufen haben. Dies erfolgt unabh\u00e4ngig davon, ob Google ein Nutzerkonto bereitstellt, \u00fcber das Sie eingeloggt sind, oder ob keine Nutzerkonto besteht. Wenn Sie bei Google eingeloggt sind, werden Ihre Daten direkt Ihrem Konto zugeordnet.<\/p>\n<p>Wenn Sie die Zuordnung in Ihrem Profil bei Google nicht w\u00fcnschen, m\u00fcssen Sie sich vor Aktivierung des Buttons bei Google ausloggen. Google speichert Ihre Daten als Nutzungsprofile und nutzt sie f\u00fcr Zwecke der Werbung, Marktforschung und\/oder bedarfsgerechter Gestaltung seiner Websites. Eine solche Auswertung erfolgt insbesondere (selbst f\u00fcr nicht eingeloggte Nutzer) zur Erbringung bedarfsgerechter Werbung und um andere Nutzer des sozialen Netzwerks \u00fcber Ihre Aktivit\u00e4ten auf unserer Website zu informieren. Ihnen steht ein Widerspruchsrecht zu gegen die Bildung dieser Nutzerprofile, wobei Sie sich zur Aus\u00fcbung dessen an Google richten m\u00fcssen.<\/p>\n<h2 class=\"wp-block-heading\">Dauer der Speicherung<\/h2>\n<p>Nach vollst\u00e4ndiger Vertragsabwicklung werden die Daten zun\u00e4chst f\u00fcr die Dauer der Gew\u00e4hrleistungsfrist, danach unter Ber\u00fccksichtigung gesetzlicher, insbesondere steuer- und handelsrechtlicher Aufbewahrungsfristen gespeichert und dann nach Fristablauf gel\u00f6scht, sofern Sie der weitergehenden Verarbeitung und Nutzung nicht zugestimmt haben.<\/p>\n<h2 class=\"wp-block-heading\">Rechte der betroffenen Person<\/h2>\n<p>Ihnen stehen bei Vorliegen der gesetzlichen Voraussetzungen folgende Rechte nach Art. 15 bis 20 DSGVO zu: Recht auf Auskunft, auf Berichtigung, auf L\u00f6schung, auf Einschr\u00e4nkung der Verarbeitung, auf Daten\u00fcbertragbarkeit. Au\u00dferdem steht Ihnen nach Art. 21 (1) DSGVO ein Widerspruchsrecht gegen die Verarbeitungen zu, die auf Art. 6 (1) f DSGVO beruhen, sowie gegen die Verarbeitung zum Zwecke von Direktwerbung. Kontaktieren Sie uns auf Wunsch. Die Kontaktdaten finden Sie in unserem Impressum.<\/p>\n<h2 class=\"wp-block-heading\">Beschwerderecht bei der Aufsichtsbeh\u00f6rde<\/h2>\n<p>Sie haben gem\u00e4\u00df Art. 77 DSGVO das Recht, sich bei der Aufsichtsbeh\u00f6rde zu beschweren, wenn Sie der Ansicht sind, dass die Verarbeitung Ihrer personenbezogenen Daten nicht rechtm\u00e4\u00dfig erfolgt.[\/vc_column_text][\/vc_column][\/vc_row][\/vc_section]<\/p>\n<\/div>","protected":false},"excerpt":{"rendered":"<p>[vc_section][vc_row][vc_column][vc_column_text] Datenschutzerkl\u00e4rung Soweit nachstehend keine anderen Angaben gemacht werden, ist die Bereitstellung Ihrer personenbezogenen Daten weder gesetzlich oder vertraglich vorgeschrieben, noch f\u00fcr einen Vertragsabschluss erforderlich. Sie sind zur Bereitstellung der Daten nicht verpflichtet. Eine Nichtbereitstellung hat keine Folgen. Dies gilt nur soweit bei den nachfolgenden Verarbeitungsvorg\u00e4ngen keine anderweitige Angabe gemacht wird.\u201cPersonenbezogene Daten\u201d sind alle Informationen, [&hellip;]<\/p>\n","protected":false},"author":1,"featured_media":0,"parent":0,"menu_order":13,"comment_status":"closed","ping_status":"closed","template":"","meta":{"footnotes":""},"class_list":["post-3","page","type-page","status-publish","hentry"],"_links":{"self":[{"href":"https:\/\/wakustone.de\/index.php\/wp-json\/wp\/v2\/pages\/3","targetHints":{"allow":["GET"]}}],"collection":[{"href":"https:\/\/wakustone.de\/index.php\/wp-json\/wp\/v2\/pages"}],"about":[{"href":"https:\/\/wakustone.de\/index.php\/wp-json\/wp\/v2\/types\/page"}],"author":[{"embeddable":true,"href":"https:\/\/wakustone.de\/index.php\/wp-json\/wp\/v2\/users\/1"}],"replies":[{"embeddable":true,"href":"https:\/\/wakustone.de\/index.php\/wp-json\/wp\/v2\/comments?post=3"}],"version-history":[{"count":3,"href":"https:\/\/wakustone.de\/index.php\/wp-json\/wp\/v2\/pages\/3\/revisions"}],"predecessor-version":[{"id":2570,"href":"https:\/\/wakustone.de\/index.php\/wp-json\/wp\/v2\/pages\/3\/revisions\/2570"}],"wp:attachment":[{"href":"https:\/\/wakustone.de\/index.php\/wp-json\/wp\/v2\/media?parent=3"}],"curies":[{"name":"wp","href":"https:\/\/api.w.org\/{rel}","templated":true}]}}