{"id":2066,"date":"2025-04-24T09:55:50","date_gmt":"2025-04-24T09:55:50","guid":{"rendered":"https:\/\/staging.wakustone.de\/?page_id=2066"},"modified":"2025-04-27T20:14:25","modified_gmt":"2025-04-27T20:14:25","slug":"agb","status":"publish","type":"page","link":"https:\/\/wakustone.de\/index.php\/agb\/","title":{"rendered":"AGB"},"content":{"rendered":"<div class=\"wpb-content-wrapper\"><p>[vc_section][vc_row][vc_column][vc_column_text]<\/p>\n<h1 class=\"wp-block-heading has-text-align-center\">Allgemeine Verkaufs- und Zahlungsbedingungen<\/h1>\n<p>Unseren Verkaufs- und Werklieferungsgesch\u00e4ften liegen die folgenden Bedingungen zugrunde. Diese gelten auch f\u00fcr alle Folgegesch\u00e4fte, auch dann, wenn bei einem Abschluss nicht nochmals auf diese Bedingungen hingewiesen wird. F\u00fcr K\u00e4ufer und Besteller wird im Folgenden einheitlich die Bezeichnung \u201cK\u00e4ufer\u201d verwendet.<\/p>\n<h2 class=\"wp-block-heading\">\u00a7 1 Vertrag<\/h2>\n<p>Unsere Angebote erfolgen, auch bez\u00fcglich der Preisangabe, freibleibend und unverbindlich. Nach Auftragserteilung kommt ein entsprechender Vertrag erst mit einer schriftlichen Auftragsbest\u00e4tigung zustande. Diese ist ausschlie\u00dflich f\u00fcr den Vertragsinhalt ma\u00dfgebend. Werden nachtr\u00e4glich Tatsachen bekannt, die eine Einhaltung der Zahlungsfristen in Frage stellen, bleibt ein R\u00fccktritt vom Vertrag vorbehalten. Eine Verpflichtung, die Herkunft dieser Tatsachen dem K\u00e4ufer mitzuteilen, besteht nicht. Nebenabreden, \u00c4nderungen und Erg\u00e4nzungen der abgegebenen Auftr\u00e4ge, dieser allgemeinen Bedingungen oder der geschlossenen Vertr\u00e4ge bed\u00fcrfen der schriftlichen Best\u00e4tigung. Mit unseren Vertretern getroffene Vereinbarungen haben ebenfalls G\u00fcltigkeit, wenn diese von uns schriftlich best\u00e4tigt sind.<\/p>\n<h2 class=\"wp-block-heading\">\u00a7 2 Preise<\/h2>\n<p>Alle angegebenen Preise beinhalten die zurzeit g\u00fcltige gesetzliche Mehrwertsteuer sowohl auf Haupt- als auch Nebenforderungen. Sofern nicht gesondert vereinbart, verstehen sich alle Preise ab Werk.<\/p>\n<h2 class=\"wp-block-heading\">\u00a7 3 Lieferungen<\/h2>\n<p>Teillieferungen sind zul\u00e4ssig Sofern eine Belieferung innerhalb der angegebenen Lieferzeit, durch eine von uns zu vertretende Tatsache nicht erfolgt ist, ist der K\u00e4ufer zum R\u00fccktritt vom Vertrag erst dann berechtigt, wenn eine schriftliche Nachfristsetzung von 4 Wochen, die mit Zugang der Nachfristsetzung beginnt, fruchtlos verstrichen ist. Andere Anspr\u00fcche oder Rechte jeglicher Art, gleich aus welchem Rechtsgrund insbesondere Schadenersatzanspr\u00fcche \u2013 im Zusammenhang mit der Nichteinhaltung der Lieferfristen oder etwaiger Unm\u00f6glichkeit der Lieferung, sind, soweit gesetzlich zul\u00e4ssig, ausgeschlossen. Bei vereinbarter Warenabholung durch den K\u00e4ufer, gilt die Belieferung mit Bereitstellung als erfolgt.<\/p>\n<h2 class=\"wp-block-heading\">\u00a7 4 Gefahren\u00fcbergang<\/h2>\n<p>Der Versand erfolgt auf Rechnung und Gefahr des K\u00e4ufers, auch wenn frachtfreie Lieferung vereinbart wurde. Mit Verladung der Ware auf der Versand-Bahnstation bzw. auf den LKW, geht die Gefahr auf den K\u00e4ufer \u00fcber. Bei eigener Anfuhr geht die Gefahr mit Ankunft des LKW am Bestimmungsort auf den K\u00e4ufer \u00fcber. Bei vereinbarter Warenabholung durch den K\u00e4ufer, erfolgt der Gefahren\u00fcbergang mit \u00dcbergabe der Ware an den K\u00e4ufer.<\/p>\n<h2 class=\"wp-block-heading\">\u00a7 5 Gew\u00e4hrleistung, Haftung<\/h2>\n<p>Muster und Materialbeschaffenheit: Bemusterungen sind unverbindlich und zeigen nur allgemein das Aussehen des Steines, Handmuster und Abschl\u00e4ge k\u00f6nnen niemals alle Unterschiede in Farbe, Zeichnung und Gef\u00fcge in sich vereinigen. F\u00fcr die bei Naturstein vorkommenden Farbunterschiede, Tr\u00fcbungen, \u00c4nderungen, Tupfen, Poren, Striemen und andere nat\u00fcrliche Eigenschaften wird keine Haftung \u00fcbernommen. Auskittungen und Verklammerungen sind bei bunten Steinen unvermeidlich und werden fachgem\u00e4\u00df durchgef\u00fchrt. Der Auftraggeber hat mit Wechself\u00e4llen zu rechnen, die bei Naturstein vorkommen.<\/p>\n<p>Ma\u00dfabweichungen: F\u00fcr Ma\u00dfabweichungen gilt die zurzeit g\u00fcltige VOB, Teil C: Allgemeine Technische Vorschriften f\u00fcr Bauleistung \u2013 Naturwerksteinarbeiten \u2013 DIN 18332.<br \/>\nDie Ware ist vom K\u00e4ufer nach Erhalt der Ware oder, falls der K\u00e4ufer die Ware abholt, unverz\u00fcglich auf Materialm\u00e4ngel und Transportsch\u00e4den zu \u00fcberpr\u00fcfen. M\u00e4ngelr\u00fcgen sind unverz\u00fcglich zu erheben. 8 Tage nach Erhalt der Ware ist jede M\u00e4ngelr\u00fcge ausgeschlossen. Nachtr\u00e4gliche Beanstandungen werden zur\u00fcckgewiesen. Wir weisen daraufhin das die Ware vor Verlegung auf etwaige Reklamationen zu pr\u00fcfen sind und wir dar\u00fcber zeitnah informiert werden. Die Ware kann zu dem in unterschiedlichen Verpackungen geliefert werden. Reklamationen an bereits verlegter Ware k\u00f6nnen wir leider nicht anerkennen und \u00fcbernehmen keine Haftung. Haftung f\u00fcr Sch\u00e4den jeglicher Art, gleich aus welchem Rechtsgrund, im Zusammenhang mit der Verarbeitung der Ware, wird, soweit gesetzlich zul\u00e4ssig, ausgeschlossen. Ereignisse h\u00f6herer Gewalt, Streik, Aussperrung, Betriebsst\u00f6rung, Betriebsstilllegung, Schwierigkeiten bei den Arbeiten in der Produktionsst\u00e4tte durch Witterung oder anderer Einfl\u00fcsse berechtigen uns, die Lieferzeit um die Dauer der Ereignisse und eine angemessene Nachfrist zu verl\u00e4ngern oder wegen des nichterf\u00fcllten Teils ganz oder teilweise vom Vertrag zur\u00fcckzutreten. M\u00e4ngelr\u00fcgen berechtigen den K\u00e4ufer nicht zur Zur\u00fcckbehaltung des Kaufpreises oder anderer Forderungen.<\/p>\n<h2 class=\"wp-block-heading\">\u00a7 6 Zahlungen<\/h2>\n<p>Unsere Rechnungen sind soweit nicht anders vereinbart, sofort nach Rechnungsdatum rein netto f\u00e4llig. Aufrechnungen von Gegenforderungen, soweit sie nicht unbestritten oder rechtskr\u00e4ftig festgestellt sind, werden nicht anerkannt. Lieferung gegen Anzahlung oder Vorauskasse behalten wir uns vor. Die Abnahme von Wechseln und Schecks behalten wir uns vor. Sie erfolgt stets nur zahlungshalber. Diskontspesen und Wechselsteuer sind vom K\u00e4ufer zu tragen und sofort f\u00e4llig. F\u00fcr rechtzeitige Vorzeigung, Protestierung, Benachrichtigung und Ber\u00fccksichtigung von Wechseln bei Nichteinl\u00f6sung \u00fcbernehmen wir keine Haftung. In Abweichung von den Bestimmungen der \u00a7\u00a7 366, 367 BGB und etwaiger Anweisungen des K\u00e4ufers sind wir berechtigt, zu bestimmen, welche Forderungen durch die Zahlungen des K\u00e4ufers erf\u00fcllt sind. Zahlungsfristen sind einzuhalten. Bei \u00dcberschreitung ger\u00e4t der K\u00e4ufer ohne Mahnung in Verzug. Mit Verzugsbeginn sind wir unter Vorbehalt der Geltendmachung weiterer Schadensersatzanspr\u00fcche berechtigt, Verzugszinsen in H\u00f6he von mindestens 4 % \u00fcber dem Diskontsatz der Deutschen Bundesbank zu berechnen. Die Zinsen sind sofort f\u00e4llig. Ger\u00e4t der K\u00e4ufer mit einer Zahlung ganz oder teilweise in Verzug, werden alle uns gegen\u00fcber bestehenden Forderungen Sicherheiten zu verlangen bzw. noch ausstehende Lieferungen, nur gegen Vorauszahlung oder Sicherheitsleistungen ausgef\u00fchrt.<\/p>\n<h2 class=\"wp-block-heading\">\u00a7 7 Eigentumsvorbehalt<\/h2>\n<p>Bis zur vollst\u00e4ndigen Zahlung des Kaufpreises sowie bis zur Zahlung aller sonstigen Verbindlichkeiten des K\u00e4ufers uns gegen\u00fcber bleiben die gelieferten Waren unser Eigentum. Der K\u00e4ufer ist berechtigt, im ordentlichen Gesch\u00e4ftsverkehr \u00fcber die Vorbehaltsware zu verf\u00fcgen und sie insbesondere weiter zu ver\u00e4u\u00dfern, soweit und solange die Rechte des Verk\u00e4ufers aus dem Eigentumsvorbehalt gewahrt bleiben und der K\u00e4ufer sich nicht in Zahlungsverzug befindet. Zu anderweitigen Verf\u00fcgungen, insbesondere Abtretung, Verpf\u00e4ndung oder Sicherungs\u00fcbereignung, ist der K\u00e4ufer nicht berechtigt. Bei Zugriffen Dritter auf die unter Eigentumsvorbehalt gelieferten Waren ist der K\u00e4ufer verpflichtet, diese unverz\u00fcglich unter Beif\u00fcgung von Belegen mitzuteilen und den Dritten bzw. den Vollstreckungsbeamten auf den Eigentumsvorbehalt hinzuweisen. Der K\u00e4ufer haftet f\u00fcr alle hieraus entstehenden Kosten. \u00dcbersteigt der Wert der f\u00fcr den Verk\u00e4ufer bestehenden Sicherheiten die Forderungen insgesamt um mehr als 20 %, so ist der Verk\u00e4ufer auf Verlangen des K\u00e4ufers insoweit zur Freigabe der Sicherung nach seiner Wahl verpflichtet.<\/p>\n<h2 class=\"wp-block-heading\">\u00a7 8 Widerrufsrecht f\u00fcr Endverbraucher<\/h2>\n<p>Sie sind berechtigt Ihre Vertragserkl\u00e4rung innerhalb von 2 Wochen ohne Angaben von Gr\u00fcnden in Textform (Brief, Fax, Mail) oder durch R\u00fccksendung der Sache zu widerrufen, sofern seine Erkl\u00e4rung zu einem Fernabsatzvertrag im Sinne des Gesetzes f\u00fchrt. Die R\u00fccksendung muss uns vorher von Ihnen avisiert werden. Da es sich bei der von uns gelieferten Ware in der Regel nicht um paketf\u00e4hige Ware handelt, kann der Kunde die R\u00fccknahme auch durch ein R\u00fccknahmeverlangen in Textform erkl\u00e4ren. Die Frist beginnt mit Erhalt der Widerrufsbelehrung in Textform und dem Erhalt der Ware. Zur Wahrung der Widerrufsfrist gen\u00fcgt das rechtzeitige Absenden des Widerrufs oder der Sache. Der Widerruf muss schriftlich gesendet werden an:<\/p>\n<p>WakuStone GmbH<br \/>\nAm Langen Graben 3a<br \/>\n52353 D\u00fcren<br \/>\nper Mail <a href=\"mailto:info@wakustone.de\">info@wakustone.de<\/a><\/p>\n<p>Im Falle eines wirksamen Widerrufs sind die beiderseits empfangenen Leistungen zur\u00fcckzugew\u00e4hren und ggf. gezogene Nutzungen (z.B. Zinsen) herauszugeben. Der Kunde ist zur R\u00fccksendung verpflichtet. Kann der Kunde die empfangene Ware ganz oder teilweise nicht, oder nur in verschlechtertem Zustand zur\u00fcckgew\u00e4hren, so hat der Kunde im Falle eines Widerrufs uns die entsprechende Wertminderung zu ersetzen. Sofern der Kunde den Kaufpreis bereits entrichtet hat, sind wir berechtigt, die Wertminderung vom R\u00fcckzahlungsbetrag abzuziehen. Im Einzelfall kann die Wertminderung dem entrichteten Betrag entsprechen. Dies gilt nicht, wenn die Verschlechterung der Sache ausschlie\u00dflich aus deren Pr\u00fcfung zur\u00fcckzuf\u00fchren ist, wie sie auch in einem Ladengesch\u00e4ft m\u00f6glich w\u00e4re. Der Kunde kann die Wertersatzpflicht vermeiden, wenn er die Sache nicht wie ein Eigent\u00fcmer in Gebrauch nimmt, und alles unterl\u00e4sst, was den Wert der Sache beeintr\u00e4chtigt. Wir erstatten bei wirksamem Widerruf den bereits entrichteten Kaufpreis unter oben angef\u00fchrten Bedingungen. Der Kunde hat die Kosten der R\u00fccksendung zu tragen, wenn die gelieferte Ware der bestellten entspricht, und der Preis der zur\u00fcckzusendenden Sachen einen Betrag von 40 Euro nicht \u00fcbersteigt, oder wenn der Kunde bei einem h\u00f6heren Preis der Sache zum Zeitpunkt des Widerrufs noch nicht die Gegenleistung oder eine vertraglich vereinbarte Teilzahlung erbracht hat. Andernfalls ist die R\u00fccksendung kostenfrei. Nicht paketversandf\u00e4hige Sachen werden beim Kunden abgeholt. Das Widerrufsrecht ist ausgeschlossen bei Vertr\u00e4gen \u00fcber die Lieferung von Waren, die wir nach Kundenspezifikation angefertigt haben, oder auf die pers\u00f6nlichen Bed\u00fcrfnisse des Kunden zugeschnitten haben.<\/p>\n<h2 class=\"wp-block-heading\">\u00a7 9 Erf\u00fcllungsort, Gerichtsstand<\/h2>\n<p>Erf\u00fcllungsort ist D\u00fcren.<br \/>\nGerichtsstand ist D\u00fcren.<\/p>\n<h2 class=\"wp-block-heading\">\u00a7 10 Teilunwirksamkeit<\/h2>\n<p>Sollten eine oder mehrere Bestimmungen dieser Bedingungen ganz oder teilweise unwirksam sein oder werden, so wird dadurch die Wirksamkeit der \u00fcbrigen Bestimmungen nicht ber\u00fchrt. Die unwirksame Bestimmung ist vielmehr so auszulegen, umzudeuten oder zu erg\u00e4nzen, dass der mit ihr verfolgte wirtschaftliche Zweck, soweit gesetzlich zul\u00e4ssig, erreicht wird. Die in den einzelnen Paragraphen vorangestellten \u00dcberschriften dienen nur der besseren \u00dcbersicht und haben keine materielle Bedeutung, insbesondere nicht die einer abschlie\u00dfenden Regelung.[\/vc_column_text][\/vc_column][\/vc_row][\/vc_section]<\/p>\n<\/div>","protected":false},"excerpt":{"rendered":"<p>[vc_section][vc_row][vc_column][vc_column_text] Allgemeine Verkaufs- und Zahlungsbedingungen Unseren Verkaufs- und Werklieferungsgesch\u00e4ften liegen die folgenden Bedingungen zugrunde. Diese gelten auch f\u00fcr alle Folgegesch\u00e4fte, auch dann, wenn bei einem Abschluss nicht nochmals auf diese Bedingungen hingewiesen wird. F\u00fcr K\u00e4ufer und Besteller wird im Folgenden einheitlich die Bezeichnung \u201cK\u00e4ufer\u201d verwendet. \u00a7 1 Vertrag Unsere Angebote erfolgen, auch bez\u00fcglich der Preisangabe, [&hellip;]<\/p>\n","protected":false},"author":1,"featured_media":0,"parent":0,"menu_order":11,"comment_status":"closed","ping_status":"closed","template":"","meta":{"footnotes":""},"class_list":["post-2066","page","type-page","status-publish","hentry"],"_links":{"self":[{"href":"https:\/\/wakustone.de\/index.php\/wp-json\/wp\/v2\/pages\/2066","targetHints":{"allow":["GET"]}}],"collection":[{"href":"https:\/\/wakustone.de\/index.php\/wp-json\/wp\/v2\/pages"}],"about":[{"href":"https:\/\/wakustone.de\/index.php\/wp-json\/wp\/v2\/types\/page"}],"author":[{"embeddable":true,"href":"https:\/\/wakustone.de\/index.php\/wp-json\/wp\/v2\/users\/1"}],"replies":[{"embeddable":true,"href":"https:\/\/wakustone.de\/index.php\/wp-json\/wp\/v2\/comments?post=2066"}],"version-history":[{"count":5,"href":"https:\/\/wakustone.de\/index.php\/wp-json\/wp\/v2\/pages\/2066\/revisions"}],"predecessor-version":[{"id":2564,"href":"https:\/\/wakustone.de\/index.php\/wp-json\/wp\/v2\/pages\/2066\/revisions\/2564"}],"wp:attachment":[{"href":"https:\/\/wakustone.de\/index.php\/wp-json\/wp\/v2\/media?parent=2066"}],"curies":[{"name":"wp","href":"https:\/\/api.w.org\/{rel}","templated":true}]}}