{"id":2056,"date":"2025-04-24T09:52:26","date_gmt":"2025-04-24T09:52:26","guid":{"rendered":"https:\/\/staging.wakustone.de\/?page_id=2056"},"modified":"2025-06-20T11:33:28","modified_gmt":"2025-06-20T11:33:28","slug":"ueber-uns","status":"publish","type":"page","link":"https:\/\/wakustone.de\/index.php\/ueber-uns\/","title":{"rendered":"\u00dcBER UNS"},"content":{"rendered":"<div class=\"wpb-content-wrapper\"><p>[vc_section][vc_row][vc_column]<div class=\"wpb_content_element \"><style type=\"text\/css\">#ut_header_69f212d2cc1cc h2.section-title { font-size:60px !important;letter-spacing:-0.03em; }<\/style><header id=\"ut_header_69f212d2cc1cc\" class=\"section-header  ut-no-title-linebreak-mobile ut-no-lead-linebreak-mobile pt-style-2 header-center header-tablet-center header-mobile-center\"><h2 data-title=\"Flexibel, hochwertig und zuverl\u00e4ssig\"  data-responsive-font=\"section_title\" data-responsive-font-settings=\"{&quot;base-font-size&quot;:&quot;global&quot;,&quot;font-size&quot;:{&quot;desktop_large&quot;:&quot;60&quot;},&quot;base-line-height&quot;:&quot;global&quot;,&quot;base-letter-spacing&quot;:&quot;global&quot;,&quot;letter-spacing&quot;:{&quot;desktop_large&quot;:&quot;-0.03&quot;}}\" class=\"section-title  \"><span>Flexibel, hochwertig und zuverl\u00e4ssig<\/span><\/h2><\/header><\/div>[vc_column_text]Die Waku Stone GmbH wurde im Jahr 2025 von Herrn Guodong Wang und Herrn Muhammet Kudal gegr\u00fcndet. Unser Firmensitz befindet sich in D\u00fcren, Am Langen Graben 3 \u2013 inklusive einer gro\u00dfz\u00fcgigen Innen- und Au\u00dfenausstellung, die unsere vielf\u00e4ltigen Produkte erlebbar macht.<\/p>\n<p>Bereits seit 2019 war Herr Guodong Wang im Bereich Naturstein und Keramik aktiv und bereitete die Grundlagen f\u00fcr das Unternehmen sorgf\u00e4ltig vor \u2013 inklusive wichtiger Qualit\u00e4tszertifikate wie vom T\u00dcV. So entstand mit Waku Stone eine innovative Marke, die Handwerk und moderne Technik erfolgreich miteinander verbindet.<\/p>\n<p>Unser Anspruch: Individuelle L\u00f6sungen f\u00fcr jedes Projekt. Wir fertigen ma\u00dfgeschneiderte Produkte ganz nach den W\u00fcnschen unserer Kunden \u2013 flexibel, hochwertig und zuverl\u00e4ssig.<\/p>\n<p>Ein besonderes Angebot richtet sich an alle Handwerker im Steinbereich: In unserer firmeneigenen Schulung werden Sie praxisnah und direkt am Produkt geschult. Nach erfolgreichem Abschluss erhalten die Teilnehmer ein Zertifikat und werden Teil unseres Partnernetzwerks \u2013 als offiziell zertifizierter Fachverarbeiter von Waku Stone.<\/p>\n<p>Unsere Produkte sind so konzipiert und vorbereitet, dass sie sich auf der Baustelle einfach, effizient und sicher verarbeiten lassen \u2013 f\u00fcr ein perfektes Ergebnis ohne Kompromisse.<\/p>\n<p>Waku Stone \u2013 Innovation trifft Handwerk.[\/vc_column_text][\/vc_column][\/vc_row][\/vc_section]<\/p>\n<\/div>","protected":false},"excerpt":{"rendered":"<p>[vc_section][vc_row][vc_column][vc_column_text]Die Waku Stone GmbH wurde im Jahr 2025 von Herrn Guodong Wang und Herrn Muhammet Kudal gegr\u00fcndet. Unser Firmensitz befindet sich in D\u00fcren, Am Langen Graben 3 \u2013 inklusive einer gro\u00dfz\u00fcgigen Innen- und Au\u00dfenausstellung, die unsere vielf\u00e4ltigen Produkte erlebbar macht. Bereits seit 2019 war Herr Guodong Wang im Bereich Naturstein und Keramik aktiv und bereitete [&hellip;]<\/p>\n","protected":false},"author":1,"featured_media":0,"parent":0,"menu_order":2,"comment_status":"closed","ping_status":"closed","template":"","meta":{"footnotes":""},"class_list":["post-2056","page","type-page","status-publish","hentry"],"_links":{"self":[{"href":"https:\/\/wakustone.de\/index.php\/wp-json\/wp\/v2\/pages\/2056","targetHints":{"allow":["GET"]}}],"collection":[{"href":"https:\/\/wakustone.de\/index.php\/wp-json\/wp\/v2\/pages"}],"about":[{"href":"https:\/\/wakustone.de\/index.php\/wp-json\/wp\/v2\/types\/page"}],"author":[{"embeddable":true,"href":"https:\/\/wakustone.de\/index.php\/wp-json\/wp\/v2\/users\/1"}],"replies":[{"embeddable":true,"href":"https:\/\/wakustone.de\/index.php\/wp-json\/wp\/v2\/comments?post=2056"}],"version-history":[{"count":8,"href":"https:\/\/wakustone.de\/index.php\/wp-json\/wp\/v2\/pages\/2056\/revisions"}],"predecessor-version":[{"id":2708,"href":"https:\/\/wakustone.de\/index.php\/wp-json\/wp\/v2\/pages\/2056\/revisions\/2708"}],"wp:attachment":[{"href":"https:\/\/wakustone.de\/index.php\/wp-json\/wp\/v2\/media?parent=2056"}],"curies":[{"name":"wp","href":"https:\/\/api.w.org\/{rel}","templated":true}]}}